{"id":1540,"date":"2020-06-16T14:14:38","date_gmt":"2020-06-16T12:14:38","guid":{"rendered":"http:\/\/neu.teamwerk-kiel.de\/?page_id=1540"},"modified":"2020-06-16T14:34:59","modified_gmt":"2020-06-16T12:34:59","slug":"impressum","status":"publish","type":"page","link":"https:\/\/teamwerk-kiel.de\/?page_id=1540","title":{"rendered":"Impressum"},"content":{"rendered":"<div class=\"wpb-content-wrapper\"><p>[vc_row][vc_column][vc_column_text]<\/p>\n<div class=\"item_header\">\n<h3 class=\"item_title\"><span class=\"item_title_part0\">IMPRESSUM<\/span><\/h3>\n<\/div>\n<div class=\"item_fulltext\">\n<p>Pflichtangaben gem\u00e4\u00df \u00a7\u00a7 5 TMG (Telemediengesetz) und<br \/>\n55 RStV (Staatsvertrag \u00fcber Rundfunk und Telemedien)<\/p>\n<p>Verantwortlich f\u00fcr die Website:<\/p>\n<p>Teamwerk Pflege und Assistenz GmbH<br \/>\nBettina Krohn<br \/>\nKnooper Weg 35<br \/>\n24103 Kiel<\/p>\n<p>Tel: 0431-90 89 86 28<br \/>\nFax: 0431-90898629<br \/>\nMobil: 0171-53 15 204<br \/>\nE-Mail:\u00a0<span id=\"cloakd1fbead3be2725a1df31a02fb3617ad0\"><a href=\"mailto:krohn@teamwerk-kiel.de\">krohn@teamwerk-kiel.de<\/a><\/span><\/p>\n<p>Steuernummer: 20\/222\/48701<\/p>\n<p><strong>Haftungshinweis<\/strong><\/p>\n<p>Die Inhalte unserer Seiten wurden mit gr\u00f6\u00dfter Sorgfalt erstellt. F\u00fcr die Richtigkeit, Vollst\u00e4ndigkeit und Aktualit\u00e4t der Inhalte k\u00f6nnen wir jedoch keine Gew\u00e4hr \u00fcbernehmen. Als Diensteanbieter sind wir gem\u00e4\u00df \u00a7 7 Abs.1 TMG f\u00fcr eigene Inhalte auf diesen Seiten nach den allgemeinen Gesetzen verantwortlich. Nach \u00a7\u00a7 8 bis 10 TMG sind wir als Diensteanbieter jedoch nicht verpflichtet, \u00fcbermittelte oder gespeicherte fremde Informationen zu \u00fcberwachen oder nach Umst\u00e4nden zu forschen, die auf eine rechtswidrige T\u00e4tigkeit hinweisen. Verpflichtungen zur Entfernung oder Sperrung der Nutzung von Informationen nach den allgemeinen Gesetzen bleiben hiervon unber\u00fchrt. Eine diesbez\u00fcgliche Haftung ist jedoch erst ab dem Zeitpunkt der Kenntnis einer konkreten Rechtsverletzung m\u00f6glich. Bei Bekanntwerden von entsprechenden Rechtsverletzungen werden wir diese Inhalte umgehend entfernen.<br \/>\nTrotz sorgf\u00e4ltiger inhaltlicher Kontrolle \u00fcbernehmen wir keine Haftung f\u00fcr die Inhalte externer Links. F\u00fcr den Inhalt der verlinkten Seiten sind ausschlie\u00dflich deren Betreiber verantwortlich.<\/p>\n<p><strong>Urheberrecht<\/strong><\/p>\n<p>Die durch die Seitenbetreiber erstellten Inhalte und Werke auf diesen Seiten unterliegen dem deutschen Urheberrecht. Die Vervielf\u00e4ltigung, Bearbeitung, Verbreitung und jede Art der Verwertung au\u00dferhalb der Grenzen des Urheberrechtes bed\u00fcrfen der schriftlichen Zustimmung des jeweiligen Autors bzw. Erstellers. Downloads und Kopien dieser Seite sind nur f\u00fcr den privaten, nicht kommerziellen Gebrauch gestattet. Soweit die Inhalte auf dieser Seite nicht vom Betreiber erstellt wurden, werden die Urheberrechte Dritter beachtet. Insbesondere werden Inhalte Dritter als solche gekennzeichnet. Sollten Sie trotzdem auf eine Urheberrechtsverletzung aufmerksam werden, bitten wir um einen entsprechenden Hinweis. Bei Bekanntwerden von Rechtsverletzungen werden wir derartige Inhalte umgehend entfernen.<\/p>\n<p>&nbsp;<\/p>\n<p><strong>Google Analytics-Datenschutzerkl\u00e4rung<\/strong><\/p>\n<p>Diese Website benutzt Google Analytics, einen Webanalysedienst der Google Inc. (\u201eGoogle\u201c). Die Benutzung erfolgt auf der Grundlage des Art. 6 Abs. 1 S. 1 lit. f. DSGVO. Google Analytics verwendet sog. \u201eCookies\u201c, Textdateien, die auf Ihrem Computer gespeichert werden und die eine Analyse der Benutzung der Webseite durch Sie erm\u00f6glichen. Die durch den Cookie erzeugten Informationen \u00fcber Ihre Benutzung der Webseite wie<\/p>\n<p>Browser-Typ\/-Version,<\/p>\n<p>verwendetes Betriebssystem,<\/p>\n<p>Referrer-URL (die zuvor besuchte Seite),<\/p>\n<p>Hostname des zugreifenden Rechners (IP-Adresse),<\/p>\n<p>Uhrzeit der Serveranfrage,<\/p>\n<p>werden in der Regel an einen Server von Google in den USA \u00fcbertragen und dort gespeichert. Die im Rahmen von Google Analytics von Ihrem Browser \u00fcbermittelte IP-Adresse wird nicht mit anderen Daten von Google zusammengef\u00fchrt. Wir haben zudem auf dieser Webseite Google Analytics um den Code \u201eanonymizeIP\u201c erweitert. Dies garantiert die Maskierung Ihrer IP-Adresse, sodass alle Daten anonym erhoben werden. Nur in Ausnahmef\u00e4llen wird die volle IP-Adresse an einen Server von Google in den USA \u00fcbertragen und dort gek\u00fcrzt.<\/p>\n<p>Im Auftrag des Betreibers dieser Website wird Google diese Information benutzen, um Ihre Nutzung der Webseite auszuwerten, um Reports \u00fcber die Webseiten-Aktivit\u00e4ten zusammenzustellen und um weitere mit der Webseiten-Nutzung und der Internetnutzung verbundene Dienstleistungen gegen\u00fcber dem Webseitenbetreiber zu erbringen. Sie k\u00f6nnen die Speicherung der Cookies durch eine entsprechende Einstellung Ihrer Browser-Software verhindern; wir weisen Sie jedoch darauf hin, dass Sie in diesem Fall m\u00f6glicherweise nicht s\u00e4mtliche Funktionen dieser Webseite vollumf\u00e4nglich werden nutzen k\u00f6nnen.<\/p>\n<p>Sie k\u00f6nnen dar\u00fcber hinaus die Erfassung der durch das Cookie erzeugten und auf Ihre Nutzung der Webseite bezogenen Daten (inkl. Ihrer IP-Adresse) an Google sowie die Verarbeitung dieser Daten durch Google verhindern, indem sie das unter dem folgenden Link verf\u00fcgbare Browser-Plugin herunterladen und installieren: http:\/\/tools.google.com\/dlpage\/gaoptout?hl=de. Alternativ zum Browser-Add-On, insbesondere bei Browsern auf mobilen Endger\u00e4ten, k\u00f6nnen Sie die Erfassung durch Google Analytics zudem verhindern, indem Sie auf diesen Link klicken. Es wird ein Opt-Out-Cookie gesetzt, das die zuk\u00fcnftige Erfassung Ihrer Daten beim Besuch dieser Website verhindert. Der Opt-Out-Cookie gilt nur in diesem Browser und nur f\u00fcr unsere Website und wird auf Ihrem Ger\u00e4t abgelegt. L\u00f6schen Sie die Cookies in diesem Browser, m\u00fcssen Sie das Opt-Out-Cookie erneut setzen. [Anm. Hinweise zur Einbindung des Opt-Out-Cookie finden Sie unter: https:\/\/developers.google.com\/analytics\/devguides\/collection\/gajs\/?hl=de#disable].<\/p>\n<p>Wir nutzen Google Analytics weiterhin dazu, Daten aus Double-Click-Cookies und auch AdWords zu statistischen Zwecken auszuwerten. Sollten Sie dies nicht w\u00fcnschen, k\u00f6nnen Sie dies \u00fcber den Anzeigenvorgaben-Manager (http:\/\/www.google.com\/settings\/ads\/onweb\/?hl=de) deaktivieren.<\/p>\n<p>Weitere Informationen zum Datenschutz im Zusammenhang mit Google Analytics finden Sie etwa in der Google Analytics-Hilfe (https:\/\/support.google.com\/analytics\/answer\/6004245?hl=de)<\/p>\n<p>&nbsp;<\/p>\n<p><strong>Fremdmaterial<\/strong><\/p>\n<p><a href=\"http:\/\/www.fotolia.de\/\" target=\"_blank\" rel=\"noopener noreferrer\">www.fotolia.de<\/a><br \/>\n<a href=\"http:\/\/www.market.envato.com\/\" target=\"_blank\" rel=\"noopener noreferrer\">www.market.envato.com<\/a><br \/>\nFotolia-16398447<br \/>\nFotolia-46844423<br \/>\nphotodune-5002958<br \/>\nphotodune-3764702<br \/>\nphotodune-6937477<br \/>\nphotodune-3268992<br \/>\nphotodune-477025<br \/>\nphotodune-2720402<\/p>\n<\/div>\n<p>[\/vc_column_text][\/vc_column][\/vc_row]<\/p>\n<\/div>","protected":false},"excerpt":{"rendered":"<p>[vc_row][vc_column][vc_column_text] IMPRESSUM Pflichtangaben gem\u00e4\u00df \u00a7\u00a7 5 TMG (Telemediengesetz) und 55 RStV (Staatsvertrag \u00fcber Rundfunk und Telemedien) Verantwortlich f\u00fcr die Website: Teamwerk Pflege und Assistenz GmbH Bettina Krohn Knooper Weg 35 24103 Kiel Tel: 0431-90 89 86 28 Fax: 0431-90898629 Mobil: 0171-53 15 204 E-Mail:\u00a0krohn@teamwerk-kiel.de Steuernummer: 20\/222\/48701 Haftungshinweis Die Inhalte unserer Seiten wurden mit gr\u00f6\u00dfter Sorgfalt&hellip;<\/p>\n","protected":false},"author":1,"featured_media":0,"parent":0,"menu_order":0,"comment_status":"closed","ping_status":"closed","template":"","meta":{"footnotes":""},"class_list":["post-1540","page","type-page","status-publish","hentry","description-off"],"yoast_head":"<!-- This site is optimized with the Yoast SEO plugin v27.0 - https:\/\/yoast.com\/product\/yoast-seo-wordpress\/ -->\n<title>Impressum - Teamwerk<\/title>\n<meta name=\"robots\" content=\"index, follow, max-snippet:-1, max-image-preview:large, max-video-preview:-1\" \/>\n<link rel=\"canonical\" href=\"https:\/\/teamwerk-kiel.de\/?page_id=1540\" \/>\n<meta property=\"og:locale\" content=\"de_DE\" \/>\n<meta property=\"og:type\" content=\"article\" \/>\n<meta property=\"og:title\" content=\"Impressum - Teamwerk\" \/>\n<meta property=\"og:description\" content=\"[vc_row][vc_column][vc_column_text] IMPRESSUM Pflichtangaben gem\u00e4\u00df \u00a7\u00a7 5 TMG (Telemediengesetz) und 55 RStV (Staatsvertrag \u00fcber Rundfunk und Telemedien) Verantwortlich f\u00fcr die Website: Teamwerk Pflege und Assistenz GmbH Bettina Krohn Knooper Weg 35 24103 Kiel Tel: 0431-90 89 86 28 Fax: 0431-90898629 Mobil: 0171-53 15 204 E-Mail:\u00a0krohn@teamwerk-kiel.de Steuernummer: 20\/222\/48701 Haftungshinweis Die Inhalte unserer Seiten wurden mit gr\u00f6\u00dfter Sorgfalt&hellip;\" \/>\n<meta property=\"og:url\" content=\"https:\/\/teamwerk-kiel.de\/?page_id=1540\" \/>\n<meta property=\"og:site_name\" content=\"Teamwerk\" \/>\n<meta property=\"article:modified_time\" content=\"2020-06-16T12:34:59+00:00\" \/>\n<meta name=\"twitter:card\" content=\"summary_large_image\" \/>\n<meta name=\"twitter:label1\" content=\"Gesch\u00e4tzte Lesezeit\" \/>\n\t<meta name=\"twitter:data1\" content=\"4\u00a0Minuten\" \/>\n<script type=\"application\/ld+json\" class=\"yoast-schema-graph\">{\"@context\":\"https:\/\/schema.org\",\"@graph\":[{\"@type\":\"WebPage\",\"@id\":\"https:\/\/teamwerk-kiel.de\/?page_id=1540\",\"url\":\"https:\/\/teamwerk-kiel.de\/?page_id=1540\",\"name\":\"Impressum - Teamwerk\",\"isPartOf\":{\"@id\":\"https:\/\/teamwerk-kiel.de\/#website\"},\"datePublished\":\"2020-06-16T12:14:38+00:00\",\"dateModified\":\"2020-06-16T12:34:59+00:00\",\"breadcrumb\":{\"@id\":\"https:\/\/teamwerk-kiel.de\/?page_id=1540#breadcrumb\"},\"inLanguage\":\"de\",\"potentialAction\":[{\"@type\":\"ReadAction\",\"target\":[\"https:\/\/teamwerk-kiel.de\/?page_id=1540\"]}]},{\"@type\":\"BreadcrumbList\",\"@id\":\"https:\/\/teamwerk-kiel.de\/?page_id=1540#breadcrumb\",\"itemListElement\":[{\"@type\":\"ListItem\",\"position\":1,\"name\":\"Startseite\",\"item\":\"https:\/\/teamwerk-kiel.de\/\"},{\"@type\":\"ListItem\",\"position\":2,\"name\":\"Impressum\"}]},{\"@type\":\"WebSite\",\"@id\":\"https:\/\/teamwerk-kiel.de\/#website\",\"url\":\"https:\/\/teamwerk-kiel.de\/\",\"name\":\"Teamwerk\",\"description\":\"Pflege und Assistenz\",\"potentialAction\":[{\"@type\":\"SearchAction\",\"target\":{\"@type\":\"EntryPoint\",\"urlTemplate\":\"https:\/\/teamwerk-kiel.de\/?s={search_term_string}\"},\"query-input\":{\"@type\":\"PropertyValueSpecification\",\"valueRequired\":true,\"valueName\":\"search_term_string\"}}],\"inLanguage\":\"de\"}]}<\/script>\n<!-- \/ Yoast SEO plugin. -->","yoast_head_json":{"title":"Impressum - Teamwerk","robots":{"index":"index","follow":"follow","max-snippet":"max-snippet:-1","max-image-preview":"max-image-preview:large","max-video-preview":"max-video-preview:-1"},"canonical":"https:\/\/teamwerk-kiel.de\/?page_id=1540","og_locale":"de_DE","og_type":"article","og_title":"Impressum - Teamwerk","og_description":"[vc_row][vc_column][vc_column_text] IMPRESSUM Pflichtangaben gem\u00e4\u00df \u00a7\u00a7 5 TMG (Telemediengesetz) und 55 RStV (Staatsvertrag \u00fcber Rundfunk und Telemedien) Verantwortlich f\u00fcr die Website: Teamwerk Pflege und Assistenz GmbH Bettina Krohn Knooper Weg 35 24103 Kiel Tel: 0431-90 89 86 28 Fax: 0431-90898629 Mobil: 0171-53 15 204 E-Mail:\u00a0krohn@teamwerk-kiel.de Steuernummer: 20\/222\/48701 Haftungshinweis Die Inhalte unserer Seiten wurden mit gr\u00f6\u00dfter Sorgfalt&hellip;","og_url":"https:\/\/teamwerk-kiel.de\/?page_id=1540","og_site_name":"Teamwerk","article_modified_time":"2020-06-16T12:34:59+00:00","twitter_card":"summary_large_image","twitter_misc":{"Gesch\u00e4tzte Lesezeit":"4\u00a0Minuten"},"schema":{"@context":"https:\/\/schema.org","@graph":[{"@type":"WebPage","@id":"https:\/\/teamwerk-kiel.de\/?page_id=1540","url":"https:\/\/teamwerk-kiel.de\/?page_id=1540","name":"Impressum - Teamwerk","isPartOf":{"@id":"https:\/\/teamwerk-kiel.de\/#website"},"datePublished":"2020-06-16T12:14:38+00:00","dateModified":"2020-06-16T12:34:59+00:00","breadcrumb":{"@id":"https:\/\/teamwerk-kiel.de\/?page_id=1540#breadcrumb"},"inLanguage":"de","potentialAction":[{"@type":"ReadAction","target":["https:\/\/teamwerk-kiel.de\/?page_id=1540"]}]},{"@type":"BreadcrumbList","@id":"https:\/\/teamwerk-kiel.de\/?page_id=1540#breadcrumb","itemListElement":[{"@type":"ListItem","position":1,"name":"Startseite","item":"https:\/\/teamwerk-kiel.de\/"},{"@type":"ListItem","position":2,"name":"Impressum"}]},{"@type":"WebSite","@id":"https:\/\/teamwerk-kiel.de\/#website","url":"https:\/\/teamwerk-kiel.de\/","name":"Teamwerk","description":"Pflege und Assistenz","potentialAction":[{"@type":"SearchAction","target":{"@type":"EntryPoint","urlTemplate":"https:\/\/teamwerk-kiel.de\/?s={search_term_string}"},"query-input":{"@type":"PropertyValueSpecification","valueRequired":true,"valueName":"search_term_string"}}],"inLanguage":"de"}]}},"jetpack_sharing_enabled":true,"_links":{"self":[{"href":"https:\/\/teamwerk-kiel.de\/index.php?rest_route=\/wp\/v2\/pages\/1540","targetHints":{"allow":["GET"]}}],"collection":[{"href":"https:\/\/teamwerk-kiel.de\/index.php?rest_route=\/wp\/v2\/pages"}],"about":[{"href":"https:\/\/teamwerk-kiel.de\/index.php?rest_route=\/wp\/v2\/types\/page"}],"author":[{"embeddable":true,"href":"https:\/\/teamwerk-kiel.de\/index.php?rest_route=\/wp\/v2\/users\/1"}],"replies":[{"embeddable":true,"href":"https:\/\/teamwerk-kiel.de\/index.php?rest_route=%2Fwp%2Fv2%2Fcomments&post=1540"}],"version-history":[{"count":3,"href":"https:\/\/teamwerk-kiel.de\/index.php?rest_route=\/wp\/v2\/pages\/1540\/revisions"}],"predecessor-version":[{"id":1542,"href":"https:\/\/teamwerk-kiel.de\/index.php?rest_route=\/wp\/v2\/pages\/1540\/revisions\/1542"}],"wp:attachment":[{"href":"https:\/\/teamwerk-kiel.de\/index.php?rest_route=%2Fwp%2Fv2%2Fmedia&parent=1540"}],"curies":[{"name":"wp","href":"https:\/\/api.w.org\/{rel}","templated":true}]}}