{"id":1464,"date":"2020-06-12T13:33:52","date_gmt":"2020-06-12T11:33:52","guid":{"rendered":"http:\/\/neu.teamwerk-kiel.de\/?page_id=1464"},"modified":"2025-10-05T15:18:36","modified_gmt":"2025-10-05T13:18:36","slug":"unser-team","status":"publish","type":"page","link":"https:\/\/teamwerk-kiel.de\/?page_id=1464","title":{"rendered":"\u00dcber Teamwerk"},"content":{"rendered":"<div class=\"wpb-content-wrapper\"><p>[vc_row bg_type=&#8220;bg_color&#8220; css=&#8220;.vc_custom_1592316125551{padding-bottom: 0px !important;}&#8220;][vc_column][vc_column_text]<\/p>\n<h2 style=\"text-align: left;\">Ein Team mit Erfahrung<\/h2>\n<p style=\"text-align: left;\">Teamwerk Pflege und Assistenz ist ein interdisziplin\u00e4res Team mit mehr als 120 qualifizierten Pflegekr\u00e4ften, die in mehr als zehn Assistenz- und Intensivteams in ganz Schleswig-Holstein und Hamburg arbeiten. Unser Anliegen ist es, ein auf die pers\u00f6nlichen Bed\u00fcrfnisse und die individuelle Lebenssituation unserer Klienten zugeschnittenes Konzept zu entwickeln und gemeinsam mit den Klienten, Angeh\u00f6rigen und \u00c4rzten abzustimmen. Teamwerk Pflege und Assistenz gliedert sich in drei Bereiche:<\/p>\n<ul>\n<li style=\"text-align: left;\">Rund-um-die-Uhr-Assistenz<\/li>\n<li style=\"text-align: left;\">Au\u00dferklinische Intensivpflege f\u00fcr Erwachsene und Kinder<\/li>\n<li style=\"text-align: left;\">Station\u00e4re Intensivpflegeeinrichtung (in Planung)<\/li>\n<\/ul>\n<p>[\/vc_column_text][vc_single_image image=&#8220;1890&#8243; img_size=&#8220;full&#8220; alignment=&#8220;center&#8220; css=&#8220;.vc_custom_1673896329135{padding-top: 30px !important;padding-bottom: 30px !important;}&#8220;][\/vc_column][\/vc_row][vc_row bg_type=&#8220;bg_color&#8220; css=&#8220;.vc_custom_1592316125551{padding-bottom: 0px !important;}&#8220;][vc_column][vc_column_text]<\/p>\n<h3 style=\"text-align: left;\">Das ist Teamwerk!<\/h3>\n<p style=\"text-align: left;\">Hinter Teamwerk Pflege und Assistenz steht ein kompetentes Team aus Pflegeassistenten, Pflegefachkr\u00e4ften, Pflegedienstleitern, Teamleitern sowie Verwaltungsangestellten. Gr\u00fcnderin des Unternehmens ist Bettina Krohn. Als Medizinjournalistin und Consultant f\u00fcr Krankenh\u00e4user verf\u00fcgt sie \u00fcber fundierte Erfahrungen im Gesundheitsbereich.<\/p>\n<p>[\/vc_column_text][vc_single_image image=&#8220;1923&#8243; img_size=&#8220;full&#8220; alignment=&#8220;center&#8220; image_hovers=&#8220;false&#8220; css=&#8220;.vc_custom_1681159097641{margin-bottom: 0px !important;border-bottom-width: 0px !important;padding-bottom: 0px !important;}&#8220;][\/vc_column][vc_column][\/vc_column][vc_column][\/vc_column][\/vc_row][vc_row full_width=&#8220;stretch_row&#8220; bg_type=&#8220;bg_color&#8220; bg_color_value=&#8220;#95cc6e&#8220; css=&#8220;.vc_custom_1592315936274{margin-top: 0px !important;border-top-width: 0px !important;border-bottom-width: 30px !important;padding-top: 30px !important;}&#8220;][vc_column width=&#8220;2\/3&#8243;][vc_column_text]<\/p>\n<h2><span style=\"color: #ffffff;\">Nutzen Sie unser Kontaktformular oder finden hier direkt Ihren Ansprechpartner<\/span><\/h2>\n<p>[\/vc_column_text][\/vc_column][vc_column width=&#8220;1\/3&#8243;]<div class=\" ubtn-ctn-center \"><a class=\"ubtn-link ult-adjust-bottom-margin ubtn-center ubtn-large \" href=\"http:\/\/teamwerk-kiel.de\/?page_id=1579\" title=\"Kontakt\" ><button type=\"button\" id=\"ubtn-6936\"  class=\"ubtn ult-adjust-bottom-margin ult-responsive ubtn-large ubtn-no-hover-bg  none  ubtn-center   tooltip-6a058d829756d\"  data-hover=\"#34a6f7\" data-border-color=\"#ffffff\" data-bg=\"#95cc6e\" data-hover-bg=\"#95cc6e\" data-border-hover=\"#34a6f7\" data-shadow-hover=\"\" data-shadow-click=\"none\" data-shadow=\"\" data-shd-shadow=\"\"  data-ultimate-target='#ubtn-6936'  data-responsive-json-new='{\"font-size\":\"desktop:20px;\",\"line-height\":\"\"}'  style=\"font-family:&#039;Montserrat&#039;;font-weight:normal;border-radius:4px;border-width:6px;border-color:#ffffff;border-style:solid;background: #95cc6e;color: #ffffff;\"><span class=\"ubtn-hover\" style=\"background-color:#95cc6e\"><\/span><span class=\"ubtn-data ubtn-text \" >Kontaktformular<\/span><\/button><\/a><\/div>[\/vc_column][\/vc_row][vc_row css=&#8220;.vc_custom_1591975199456{border-bottom-width: 0px !important;padding-top: 50px !important;padding-bottom: 70px !important;}&#8220;][vc_column][vc_single_image image=&#8220;1918&#8243; img_size=&#8220;400&#215;400&#8243; alignment=&#8220;center&#8220;][vc_column_text css=&#8220;.vc_custom_1591962599887{padding-top: 30px !important;}&#8220;]<\/p>\n<h3 style=\"text-align: center;\">Bettina Krohn<\/h3>\n<h4 style=\"text-align: center;\"><span style=\"color: #95cc6e;\">Gesch\u00e4ftsf\u00fchrung<\/span><\/h4>\n<p style=\"text-align: center;\">Mail: <a href=\"mailto:krohn@teamwerk-kiel.de\">krohn@teamwerk-kiel.de<\/a><\/p>\n<p>[\/vc_column_text][\/vc_column][\/vc_row][vc_row css=&#8220;.vc_custom_1591968519868{border-bottom-width: 0px !important;padding-bottom: 70px !important;}&#8220;][vc_column][vc_single_image image=&#8220;1914&#8243; img_size=&#8220;400&#215;400&#8243; alignment=&#8220;center&#8220;][vc_column_text css=&#8220;.vc_custom_1673264562215{padding-top: 30px !important;}&#8220;]<\/p>\n<h3 style=\"text-align: center;\">Okan Dursun<\/h3>\n<h4 style=\"text-align: center;\"><span style=\"color: #95cc6e;\">Prokurist<\/span><\/h4>\n<h4 style=\"text-align: center;\"><span style=\"color: #95cc6e;\">Gesch\u00e4ftsbereichsleitung Pflege\u00a0<\/span><\/h4>\n<p style=\"text-align: center;\">Mail: <a href=\"mailto:dursun@teamwerk-kiel.de\">dursun@teamwerk-kiel.de<\/a><\/p>\n<p>[\/vc_column_text][\/vc_column][\/vc_row][vc_row][vc_column width=&#8220;1\/2&#8243;][vc_single_image image=&#8220;1479&#8243; img_size=&#8220;400&#215;400&#8243; alignment=&#8220;center&#8220;][vc_column_text css=&#8220;.vc_custom_1725355356581{padding-top: 30px !important;}&#8220;]<\/p>\n<h3 style=\"text-align: center;\">Kamran Torabi Zadeh<\/h3>\n<h4 style=\"text-align: center;\"><span style=\"color: #95cc6e;\">Pflegedienstleitung<\/span><\/h4>\n<p style=\"text-align: center;\">Mail: <a href=\"mailto:torabi@teamwerk-kiel.de\">torabi@teamwerk-kiel.de<\/a><\/p>\n<p>[\/vc_column_text][\/vc_column][vc_column width=&#8220;1\/2&#8243;][vc_single_image image=&#8220;1917&#8243; img_size=&#8220;400&#215;400&#8243; alignment=&#8220;center&#8220;][vc_column_text]<\/p>\n<h3 style=\"text-align: center;\">Anton Kisser<\/h3>\n<h4 style=\"text-align: center;\"><span style=\"color: #95cc6e;\">Pflegefachkraft<\/span><\/h4>\n<p style=\"text-align: center;\">Mail: <a href=\"mailto:geske@teamwerk-kiel.de\">kisser@teamwerk-kiel.de<\/a><\/p>\n<p>[\/vc_column_text][\/vc_column][\/vc_row][vc_row css=&#8220;.vc_custom_1624285462294{margin-top: 70px !important;padding-bottom: 70px !important;}&#8220;][vc_column width=&#8220;1\/2&#8243;][vc_single_image image=&#8220;1494&#8243; img_size=&#8220;400&#215;400&#8243; alignment=&#8220;center&#8220;][vc_column_text css=&#8220;.vc_custom_1599632811517{padding-top: 30px !important;}&#8220;]<\/p>\n<h3 style=\"text-align: center;\">B\u00e4rbel Buttgereit<\/h3>\n<h4 style=\"text-align: center;\"><span style=\"color: #95cc6e;\">Sekretariat<\/span><\/h4>\n<p style=\"text-align: center;\">Mail: <a href=\"mailto:buttgereit@teamwerk-kiel.de\">buttgereit@teamwerk-kiel.de<\/a><\/p>\n<p style=\"text-align: center;\">Tel.: 0431 90898628<\/p>\n<p>[\/vc_column_text][\/vc_column][vc_column width=&#8220;1\/2&#8243;][vc_single_image image=&#8220;1481&#8243; img_size=&#8220;400&#215;400&#8243; alignment=&#8220;center&#8220;][vc_column_text css=&#8220;.vc_custom_1754484502759{padding-top: 30px !important;}&#8220;]<\/p>\n<h3 style=\"text-align: center;\">Ardit Sulejmani<\/h3>\n<h4 style=\"text-align: center;\"><span style=\"color: #95cc6e;\">Fuhrparkmanagement<\/span><\/h4>\n<p style=\"text-align: center;\">Mail: <a href=\"mailto:sulejmani@teamwerk-kiel.de\">sulejmani@teamwerk-kiel.de<\/a><\/p>\n<p>[\/vc_column_text][\/vc_column][\/vc_row][vc_row css=&#8220;.vc_custom_1624285462294{margin-top: 70px !important;padding-bottom: 70px !important;}&#8220;][vc_column width=&#8220;1\/2&#8243;][vc_single_image image=&#8220;1636&#8243; img_size=&#8220;400&#215;400&#8243; alignment=&#8220;center&#8220;][vc_column_text css=&#8220;.vc_custom_1591971430160{padding-top: 30px !important;}&#8220;]<\/p>\n<h3 style=\"text-align: center;\">Eckhard Groddek<\/h3>\n<h4 style=\"text-align: center;\"><span style=\"color: #95cc6e;\">Datenschutzbeauftragter<\/span><\/h4>\n<p style=\"text-align: center;\">Mail: <a href=\"mailto:datenschutz@teamwerk-kiel.de\">datenschutz@teamwerk-kiel.de<\/a><\/p>\n<p>[\/vc_column_text][\/vc_column][vc_column width=&#8220;1\/2&#8243;][vc_single_image image=&#8220;1953&#8243; img_size=&#8220;400&#215;400&#8243; alignment=&#8220;center&#8220;][vc_column_text css=&#8220;.vc_custom_1758808362495{padding-top: 30px !important;}&#8220;]<\/p>\n<h3 style=\"text-align: center;\">Noah Krohn<\/h3>\n<h4 style=\"text-align: center;\"><span style=\"color: #95cc6e;\">Auszubildender zum Kaufmann im Gesundheitswesen<\/span><\/h4>\n<p style=\"text-align: center;\">Mail: <a href=\"mailto:noah.krohn@teamwerk-kiel.de\">n.krohn@teamwerk-kiel.de<\/a><\/p>\n<p>[\/vc_column_text][\/vc_column][\/vc_row][vc_row content_placement=&#8220;middle&#8220;][vc_column][vc_single_image image=&#8220;1475&#8243; img_size=&#8220;400&#215;400&#8243; alignment=&#8220;center&#8220;][vc_column_text css=&#8220;.vc_custom_1673703193078{padding-top: 30px !important;}&#8220;]<\/p>\n<h3 style=\"text-align: center;\">Simba<\/h3>\n<h4 style=\"text-align: center;\"><span style=\"color: #95cc6e;\">Therapiehund<\/span><\/h4>\n<p style=\"text-align: center;\">Mail: <a href=\"mailto:info@teamwerk-kiel.de\">info@teamwerk-kiel.de<\/a><\/p>\n<p>[\/vc_column_text][\/vc_column][\/vc_row]<\/p>\n<\/div>","protected":false},"excerpt":{"rendered":"<p>[vc_row bg_type=&#8220;bg_color&#8220; css=&#8220;.vc_custom_1592316125551{padding-bottom: 0px !important;}&#8220;][vc_column][vc_column_text] Ein Team mit Erfahrung Teamwerk Pflege und Assistenz ist ein interdisziplin\u00e4res Team mit mehr als 120 qualifizierten Pflegekr\u00e4ften, die in mehr als zehn Assistenz- und Intensivteams in ganz Schleswig-Holstein und Hamburg arbeiten. Unser Anliegen ist es, ein auf die pers\u00f6nlichen Bed\u00fcrfnisse und die individuelle Lebenssituation unserer Klienten zugeschnittenes Konzept zu&hellip;<\/p>\n","protected":false},"author":1,"featured_media":0,"parent":0,"menu_order":0,"comment_status":"closed","ping_status":"closed","template":"","meta":{"footnotes":""},"class_list":["post-1464","page","type-page","status-publish","hentry","description-off"],"yoast_head":"<!-- This site is optimized with the Yoast SEO plugin v27.0 - https:\/\/yoast.com\/product\/yoast-seo-wordpress\/ -->\n<title>\u00dcber Teamwerk - Teamwerk<\/title>\n<meta name=\"robots\" content=\"index, follow, max-snippet:-1, max-image-preview:large, max-video-preview:-1\" \/>\n<link rel=\"canonical\" href=\"https:\/\/teamwerk-kiel.de\/?page_id=1464\" \/>\n<meta property=\"og:locale\" content=\"de_DE\" \/>\n<meta property=\"og:type\" content=\"article\" \/>\n<meta property=\"og:title\" content=\"\u00dcber Teamwerk - Teamwerk\" \/>\n<meta property=\"og:description\" content=\"[vc_row bg_type=&#8220;bg_color&#8220; css=&#8220;.vc_custom_1592316125551{padding-bottom: 0px !important;}&#8220;][vc_column][vc_column_text] Ein Team mit Erfahrung Teamwerk Pflege und Assistenz ist ein interdisziplin\u00e4res Team mit mehr als 120 qualifizierten Pflegekr\u00e4ften, die in mehr als zehn Assistenz- und Intensivteams in ganz Schleswig-Holstein und Hamburg arbeiten. Unser Anliegen ist es, ein auf die pers\u00f6nlichen Bed\u00fcrfnisse und die individuelle Lebenssituation unserer Klienten zugeschnittenes Konzept zu&hellip;\" \/>\n<meta property=\"og:url\" content=\"https:\/\/teamwerk-kiel.de\/?page_id=1464\" \/>\n<meta property=\"og:site_name\" content=\"Teamwerk\" \/>\n<meta property=\"article:modified_time\" content=\"2025-10-05T13:18:36+00:00\" \/>\n<meta name=\"twitter:card\" content=\"summary_large_image\" \/>\n<meta name=\"twitter:label1\" content=\"Gesch\u00e4tzte Lesezeit\" \/>\n\t<meta name=\"twitter:data1\" content=\"2\u00a0Minuten\" \/>\n<script type=\"application\/ld+json\" class=\"yoast-schema-graph\">{\"@context\":\"https:\/\/schema.org\",\"@graph\":[{\"@type\":\"WebPage\",\"@id\":\"https:\/\/teamwerk-kiel.de\/?page_id=1464\",\"url\":\"https:\/\/teamwerk-kiel.de\/?page_id=1464\",\"name\":\"\u00dcber Teamwerk - Teamwerk\",\"isPartOf\":{\"@id\":\"https:\/\/teamwerk-kiel.de\/#website\"},\"datePublished\":\"2020-06-12T11:33:52+00:00\",\"dateModified\":\"2025-10-05T13:18:36+00:00\",\"breadcrumb\":{\"@id\":\"https:\/\/teamwerk-kiel.de\/?page_id=1464#breadcrumb\"},\"inLanguage\":\"de\",\"potentialAction\":[{\"@type\":\"ReadAction\",\"target\":[\"https:\/\/teamwerk-kiel.de\/?page_id=1464\"]}]},{\"@type\":\"BreadcrumbList\",\"@id\":\"https:\/\/teamwerk-kiel.de\/?page_id=1464#breadcrumb\",\"itemListElement\":[{\"@type\":\"ListItem\",\"position\":1,\"name\":\"Startseite\",\"item\":\"https:\/\/teamwerk-kiel.de\/\"},{\"@type\":\"ListItem\",\"position\":2,\"name\":\"\u00dcber Teamwerk\"}]},{\"@type\":\"WebSite\",\"@id\":\"https:\/\/teamwerk-kiel.de\/#website\",\"url\":\"https:\/\/teamwerk-kiel.de\/\",\"name\":\"Teamwerk\",\"description\":\"Pflege und Assistenz\",\"potentialAction\":[{\"@type\":\"SearchAction\",\"target\":{\"@type\":\"EntryPoint\",\"urlTemplate\":\"https:\/\/teamwerk-kiel.de\/?s={search_term_string}\"},\"query-input\":{\"@type\":\"PropertyValueSpecification\",\"valueRequired\":true,\"valueName\":\"search_term_string\"}}],\"inLanguage\":\"de\"}]}<\/script>\n<!-- \/ Yoast SEO plugin. -->","yoast_head_json":{"title":"\u00dcber Teamwerk - Teamwerk","robots":{"index":"index","follow":"follow","max-snippet":"max-snippet:-1","max-image-preview":"max-image-preview:large","max-video-preview":"max-video-preview:-1"},"canonical":"https:\/\/teamwerk-kiel.de\/?page_id=1464","og_locale":"de_DE","og_type":"article","og_title":"\u00dcber Teamwerk - Teamwerk","og_description":"[vc_row bg_type=&#8220;bg_color&#8220; css=&#8220;.vc_custom_1592316125551{padding-bottom: 0px !important;}&#8220;][vc_column][vc_column_text] Ein Team mit Erfahrung Teamwerk Pflege und Assistenz ist ein interdisziplin\u00e4res Team mit mehr als 120 qualifizierten Pflegekr\u00e4ften, die in mehr als zehn Assistenz- und Intensivteams in ganz Schleswig-Holstein und Hamburg arbeiten. Unser Anliegen ist es, ein auf die pers\u00f6nlichen Bed\u00fcrfnisse und die individuelle Lebenssituation unserer Klienten zugeschnittenes Konzept zu&hellip;","og_url":"https:\/\/teamwerk-kiel.de\/?page_id=1464","og_site_name":"Teamwerk","article_modified_time":"2025-10-05T13:18:36+00:00","twitter_card":"summary_large_image","twitter_misc":{"Gesch\u00e4tzte Lesezeit":"2\u00a0Minuten"},"schema":{"@context":"https:\/\/schema.org","@graph":[{"@type":"WebPage","@id":"https:\/\/teamwerk-kiel.de\/?page_id=1464","url":"https:\/\/teamwerk-kiel.de\/?page_id=1464","name":"\u00dcber Teamwerk - Teamwerk","isPartOf":{"@id":"https:\/\/teamwerk-kiel.de\/#website"},"datePublished":"2020-06-12T11:33:52+00:00","dateModified":"2025-10-05T13:18:36+00:00","breadcrumb":{"@id":"https:\/\/teamwerk-kiel.de\/?page_id=1464#breadcrumb"},"inLanguage":"de","potentialAction":[{"@type":"ReadAction","target":["https:\/\/teamwerk-kiel.de\/?page_id=1464"]}]},{"@type":"BreadcrumbList","@id":"https:\/\/teamwerk-kiel.de\/?page_id=1464#breadcrumb","itemListElement":[{"@type":"ListItem","position":1,"name":"Startseite","item":"https:\/\/teamwerk-kiel.de\/"},{"@type":"ListItem","position":2,"name":"\u00dcber Teamwerk"}]},{"@type":"WebSite","@id":"https:\/\/teamwerk-kiel.de\/#website","url":"https:\/\/teamwerk-kiel.de\/","name":"Teamwerk","description":"Pflege und Assistenz","potentialAction":[{"@type":"SearchAction","target":{"@type":"EntryPoint","urlTemplate":"https:\/\/teamwerk-kiel.de\/?s={search_term_string}"},"query-input":{"@type":"PropertyValueSpecification","valueRequired":true,"valueName":"search_term_string"}}],"inLanguage":"de"}]}},"jetpack_sharing_enabled":true,"_links":{"self":[{"href":"https:\/\/teamwerk-kiel.de\/index.php?rest_route=\/wp\/v2\/pages\/1464","targetHints":{"allow":["GET"]}}],"collection":[{"href":"https:\/\/teamwerk-kiel.de\/index.php?rest_route=\/wp\/v2\/pages"}],"about":[{"href":"https:\/\/teamwerk-kiel.de\/index.php?rest_route=\/wp\/v2\/types\/page"}],"author":[{"embeddable":true,"href":"https:\/\/teamwerk-kiel.de\/index.php?rest_route=\/wp\/v2\/users\/1"}],"replies":[{"embeddable":true,"href":"https:\/\/teamwerk-kiel.de\/index.php?rest_route=%2Fwp%2Fv2%2Fcomments&post=1464"}],"version-history":[{"count":71,"href":"https:\/\/teamwerk-kiel.de\/index.php?rest_route=\/wp\/v2\/pages\/1464\/revisions"}],"predecessor-version":[{"id":1976,"href":"https:\/\/teamwerk-kiel.de\/index.php?rest_route=\/wp\/v2\/pages\/1464\/revisions\/1976"}],"wp:attachment":[{"href":"https:\/\/teamwerk-kiel.de\/index.php?rest_route=%2Fwp%2Fv2%2Fmedia&parent=1464"}],"curies":[{"name":"wp","href":"https:\/\/api.w.org\/{rel}","templated":true}]}}