{"id":1447,"date":"2020-06-08T13:10:40","date_gmt":"2020-06-08T11:10:40","guid":{"rendered":"http:\/\/neu.teamwerk-kiel.de\/?page_id=1447"},"modified":"2020-07-23T14:26:44","modified_gmt":"2020-07-23T12:26:44","slug":"intensivpflege-fuer-kinder","status":"publish","type":"page","link":"https:\/\/teamwerk-kiel.de\/?page_id=1447","title":{"rendered":"Intensivpflege f\u00fcr Kinder"},"content":{"rendered":"<div class=\"wpb-content-wrapper\"><p>[vc_row type=&#8220;vc_default&#8220; css=&#8220;.vc_custom_1591615685400{padding-bottom: 30px !important;}&#8220;][vc_column width=&#8220;2\/3&#8243; css=&#8220;.vc_custom_1474222710160{padding-bottom: 30px !important;}&#8220;][vc_column_text css=&#8220;.vc_custom_1595507199964{margin-bottom: 30px !important;}&#8220;]<\/p>\n<h3>Unterst\u00fctzung rund um die Uhr:<\/h3>\n<p>Wir versorgen intensivpflegebed\u00fcrftige Kinder und Jugendliche in einem 24h Schichtsystem mit einem festen Pflegeteam in ihrer famili\u00e4ren Umgebung. So haben Sie als Eltern, aber auch das Kind die M\u00f6glichkeit, sich an unser Team zu gew\u00f6hnen und ein gegenseitiges Vertrauen aufzubauen.<\/p>\n<h3>\u00dcberleitungsmanagement:<\/h3>\n<p>Gerne unterst\u00fctzen wir Sie und Ihr Kind von Beginn an und begleiten Sie bei den wichtigen Schritten aus der station\u00e4ren Behandlung zur\u00fcck in Ihr gewohntes famili\u00e4res Umfeld. Die \u00dcberleitung wird von unserer erfahrenen Kinderbereichsleitung und der Pflegedienstleitung \u00fcbernommen. Nach einem pers\u00f6nlichen Erstkontakt planen wir Ihr Team mit unserem qualifizierten Fachpersonal.<\/p>\n<h3>Unsere Leistung:<\/h3>\n<p>Wir verstehen uns als Dienstleister vor Ort, der mit dem Leitgedanken Assistenz gemeinsam mit den Eltern den Alltag meistert und nach der besten F\u00f6rderung auf dem Weg in ein selbstbestimmtes Leben sucht. Daher unterst\u00fctzen wir die Kinder bei ihren Aktivit\u00e4ten im Alltag und begleiten sie gerne zur Kita oder in die Schule.<\/p>\n<h3>Schwerpunktversorgung:<\/h3>\n<p>Wir pflegen und begleiten Kinder mit chronischen Erkrankungen oder Behinderungen gerne in ihrem gewohnten Umfeld. Im Kreis ihrer Familie f\u00fchlen sich die Kinder besonders geborgen und k\u00f6nnen bestm\u00f6glich gef\u00f6rdert und unterst\u00fctzt werden. Ebenso begleiten wir Kinder palliativ pflegerisch.<\/p>\n<p>Zu den von uns versorgten Krankheitsbildern z\u00e4hlen unter anderem:<\/p>\n<p>&#8211; Neurologische Erkrankungen<br \/>\n&#8211; Querschnittsl\u00e4hmungen<br \/>\n&#8211; St\u00f6rungen der Atemregulation und beatmete Kinder<br \/>\n&#8211; Erkrankungen der unteren und oberen Luftwege<br \/>\n&#8211; Stoffwechselerkrankungen<br \/>\n&#8211; Gendefekte<br \/>\n&#8211; Ehemalige Fr\u00fchgeborene mit Folgeerkrankungen[\/vc_column_text]<div class=\" vc_custom_1594135059616 ubtn-ctn-center \"><a class=\"ubtn-link ult-adjust-bottom-margin ubtn-center ubtn-custom \" href=\"http:\/\/teamwerk-kiel.de\/?page_id=1579\" title=\"Kontakt\" ><button type=\"button\" id=\"ubtn-8447\"  class=\"ubtn ult-adjust-bottom-margin ult-responsive ubtn-custom ubtn-fade-bg  none  ubtn-center   tooltip-69e17391ddb03\"  data-hover=\"#ffffff\" data-border-color=\"#34a6f7\" data-bg=\"rgba(255,255,255,0.01)\" data-hover-bg=\"#95cc6e\" data-border-hover=\"#95cc6e\" data-shadow-hover=\"\" data-shadow-click=\"none\" data-shadow=\"\" data-shd-shadow=\"\"  data-ultimate-target='#ubtn-8447'  data-responsive-json-new='{\"font-size\":\"desktop:16px;\",\"line-height\":\"desktop:16px;\"}'  style=\"font-family:&#039;Montserrat&#039;;font-weight:700;width:px;min-height:px;padding:14px 25px;border-radius:0px;border-width:3px;border-color:#34a6f7;border-style:solid;background: rgba(255,255,255,0.01);color: #34a6f7;\"><span class=\"ubtn-hover\" style=\"background-color:#95cc6e\"><\/span><span class=\"ubtn-data ubtn-text \" >Kontakt<\/span><\/button><\/a><\/div>[\/vc_column][vc_column width=&#8220;1\/3&#8243; css=&#8220;.vc_custom_1474222717556{padding-bottom: 30px !important;}&#8220; offset=&#8220;vc_hidden-xs&#8220;][vc_single_image image=&#8220;1609&#8243; img_size=&#8220;medium&#8220;][\/vc_column][\/vc_row][vc_row full_width=&#8220;stretch_row&#8220; type=&#8220;vc_default&#8220; css=&#8220;.vc_custom_1591615719484{padding-top: 50px !important;padding-bottom: 50px !important;background-color: #f4f4f4 !important;}&#8220;][vc_column width=&#8220;1\/4&#8243; css=&#8220;.vc_custom_1474222710160{padding-bottom: 30px !important;}&#8220;][vc_single_image image=&#8220;1473&#8243; img_size=&#8220;medium&#8220;][\/vc_column][vc_column width=&#8220;3\/4&#8243; css=&#8220;.vc_custom_1474222717556{padding-bottom: 30px !important;}&#8220; offset=&#8220;vc_hidden-xs&#8220;][vc_column_text css=&#8220;.vc_custom_1591975143757{margin-bottom: 30px !important;}&#8220;]<\/p>\n<h3>Bereichsleitung Kinder-Intensivpflege<\/h3>\n<p>Karina Mielke ist seit mehreren Jahren als examinierte Krankenschwester in der Intensivpflege von Kindern t\u00e4tig. Nach einer Weiterbildung ist sie zudem Pflegeexpertin f\u00fcr au\u00dferklinische Beatmung. Dabei besitzt sie spezielle Kenntnisse zum Vorgehen bei der ketogenen Di\u00e4t, einer besonderen Ern\u00e4hrungsform, die als Zusatztherapie bei Kindern mit speziellen neurologischen Erkrankungen angewendet wird. Mit Kindern zu arbeiten erf\u00fcllt Karina mit besonderer Freude, dies sieht man ihr tagt\u00e4glich bei ihrer Arbeit und in ihrem Handeln an. Dabei sind es besonders die schwierigen und<br \/>\nherausfordernden Situationen, die ihren Ehrgeiz f\u00fcr eine angemessene pflegerische Versorgung des Kindes in Zusammenarbeit mit den Angeh\u00f6rigen wecken.[\/vc_column_text]<div class=\" vc_custom_1594135068278 ubtn-ctn-center \"><a class=\"ubtn-link ult-adjust-bottom-margin ubtn-center ubtn-custom \" href=\"http:\/\/teamwerk-kiel.de\/?page_id=1579\" title=\"Kontakt\" ><button type=\"button\" id=\"ubtn-7407\"  class=\"ubtn ult-adjust-bottom-margin ult-responsive ubtn-custom ubtn-fade-bg  none  ubtn-center   tooltip-69e17391ddbdf\"  data-hover=\"#ffffff\" data-border-color=\"#34a6f7\" data-bg=\"rgba(255,255,255,0.01)\" data-hover-bg=\"#95cc6e\" data-border-hover=\"#95cc6e\" data-shadow-hover=\"\" data-shadow-click=\"none\" data-shadow=\"\" data-shd-shadow=\"\"  data-ultimate-target='#ubtn-7407'  data-responsive-json-new='{\"font-size\":\"desktop:16px;\",\"line-height\":\"desktop:16px;\"}'  style=\"font-family:&#039;Montserrat&#039;;font-weight:700;width:px;min-height:px;padding:14px 25px;border-radius:0px;border-width:3px;border-color:#34a6f7;border-style:solid;background: rgba(255,255,255,0.01);color: #34a6f7;\"><span class=\"ubtn-hover\" style=\"background-color:#95cc6e\"><\/span><span class=\"ubtn-data ubtn-text \" >Kontakt<\/span><\/button><\/a><\/div>[\/vc_column][\/vc_row]<\/p>\n<\/div>","protected":false},"excerpt":{"rendered":"<p>[vc_row type=&#8220;vc_default&#8220; css=&#8220;.vc_custom_1591615685400{padding-bottom: 30px !important;}&#8220;][vc_column width=&#8220;2\/3&#8243; css=&#8220;.vc_custom_1474222710160{padding-bottom: 30px !important;}&#8220;][vc_column_text css=&#8220;.vc_custom_1595507199964{margin-bottom: 30px !important;}&#8220;] Unterst\u00fctzung rund um die Uhr: Wir versorgen intensivpflegebed\u00fcrftige Kinder und Jugendliche in einem 24h Schichtsystem mit einem festen Pflegeteam in ihrer famili\u00e4ren Umgebung. So haben Sie als Eltern, aber auch das Kind die M\u00f6glichkeit, sich an unser Team zu gew\u00f6hnen und ein gegenseitiges&hellip;<\/p>\n","protected":false},"author":1,"featured_media":0,"parent":0,"menu_order":0,"comment_status":"closed","ping_status":"closed","template":"","meta":{"footnotes":""},"class_list":["post-1447","page","type-page","status-publish","hentry","description-off"],"yoast_head":"<!-- This site is optimized with the Yoast SEO plugin v27.0 - https:\/\/yoast.com\/product\/yoast-seo-wordpress\/ -->\n<title>Intensivpflege f\u00fcr Kinder - Teamwerk<\/title>\n<meta name=\"robots\" content=\"index, follow, max-snippet:-1, max-image-preview:large, max-video-preview:-1\" \/>\n<link rel=\"canonical\" href=\"https:\/\/teamwerk-kiel.de\/?page_id=1447\" \/>\n<meta property=\"og:locale\" content=\"de_DE\" \/>\n<meta property=\"og:type\" content=\"article\" \/>\n<meta property=\"og:title\" content=\"Intensivpflege f\u00fcr Kinder - Teamwerk\" \/>\n<meta property=\"og:description\" content=\"[vc_row type=&#8220;vc_default&#8220; css=&#8220;.vc_custom_1591615685400{padding-bottom: 30px !important;}&#8220;][vc_column width=&#8220;2\/3&#8243; css=&#8220;.vc_custom_1474222710160{padding-bottom: 30px !important;}&#8220;][vc_column_text css=&#8220;.vc_custom_1595507199964{margin-bottom: 30px !important;}&#8220;] Unterst\u00fctzung rund um die Uhr: Wir versorgen intensivpflegebed\u00fcrftige Kinder und Jugendliche in einem 24h Schichtsystem mit einem festen Pflegeteam in ihrer famili\u00e4ren Umgebung. So haben Sie als Eltern, aber auch das Kind die M\u00f6glichkeit, sich an unser Team zu gew\u00f6hnen und ein gegenseitiges&hellip;\" \/>\n<meta property=\"og:url\" content=\"https:\/\/teamwerk-kiel.de\/?page_id=1447\" \/>\n<meta property=\"og:site_name\" content=\"Teamwerk\" \/>\n<meta property=\"article:modified_time\" content=\"2020-07-23T12:26:44+00:00\" \/>\n<meta name=\"twitter:card\" content=\"summary_large_image\" \/>\n<meta name=\"twitter:label1\" content=\"Gesch\u00e4tzte Lesezeit\" \/>\n\t<meta name=\"twitter:data1\" content=\"4\u00a0Minuten\" \/>\n<script type=\"application\/ld+json\" class=\"yoast-schema-graph\">{\"@context\":\"https:\/\/schema.org\",\"@graph\":[{\"@type\":\"WebPage\",\"@id\":\"https:\/\/teamwerk-kiel.de\/?page_id=1447\",\"url\":\"https:\/\/teamwerk-kiel.de\/?page_id=1447\",\"name\":\"Intensivpflege f\u00fcr Kinder - Teamwerk\",\"isPartOf\":{\"@id\":\"https:\/\/teamwerk-kiel.de\/#website\"},\"datePublished\":\"2020-06-08T11:10:40+00:00\",\"dateModified\":\"2020-07-23T12:26:44+00:00\",\"breadcrumb\":{\"@id\":\"https:\/\/teamwerk-kiel.de\/?page_id=1447#breadcrumb\"},\"inLanguage\":\"de\",\"potentialAction\":[{\"@type\":\"ReadAction\",\"target\":[\"https:\/\/teamwerk-kiel.de\/?page_id=1447\"]}]},{\"@type\":\"BreadcrumbList\",\"@id\":\"https:\/\/teamwerk-kiel.de\/?page_id=1447#breadcrumb\",\"itemListElement\":[{\"@type\":\"ListItem\",\"position\":1,\"name\":\"Startseite\",\"item\":\"https:\/\/teamwerk-kiel.de\/\"},{\"@type\":\"ListItem\",\"position\":2,\"name\":\"Intensivpflege f\u00fcr Kinder\"}]},{\"@type\":\"WebSite\",\"@id\":\"https:\/\/teamwerk-kiel.de\/#website\",\"url\":\"https:\/\/teamwerk-kiel.de\/\",\"name\":\"Teamwerk\",\"description\":\"Pflege und Assistenz\",\"potentialAction\":[{\"@type\":\"SearchAction\",\"target\":{\"@type\":\"EntryPoint\",\"urlTemplate\":\"https:\/\/teamwerk-kiel.de\/?s={search_term_string}\"},\"query-input\":{\"@type\":\"PropertyValueSpecification\",\"valueRequired\":true,\"valueName\":\"search_term_string\"}}],\"inLanguage\":\"de\"}]}<\/script>\n<!-- \/ Yoast SEO plugin. -->","yoast_head_json":{"title":"Intensivpflege f\u00fcr Kinder - Teamwerk","robots":{"index":"index","follow":"follow","max-snippet":"max-snippet:-1","max-image-preview":"max-image-preview:large","max-video-preview":"max-video-preview:-1"},"canonical":"https:\/\/teamwerk-kiel.de\/?page_id=1447","og_locale":"de_DE","og_type":"article","og_title":"Intensivpflege f\u00fcr Kinder - Teamwerk","og_description":"[vc_row type=&#8220;vc_default&#8220; css=&#8220;.vc_custom_1591615685400{padding-bottom: 30px !important;}&#8220;][vc_column width=&#8220;2\/3&#8243; css=&#8220;.vc_custom_1474222710160{padding-bottom: 30px !important;}&#8220;][vc_column_text css=&#8220;.vc_custom_1595507199964{margin-bottom: 30px !important;}&#8220;] Unterst\u00fctzung rund um die Uhr: Wir versorgen intensivpflegebed\u00fcrftige Kinder und Jugendliche in einem 24h Schichtsystem mit einem festen Pflegeteam in ihrer famili\u00e4ren Umgebung. So haben Sie als Eltern, aber auch das Kind die M\u00f6glichkeit, sich an unser Team zu gew\u00f6hnen und ein gegenseitiges&hellip;","og_url":"https:\/\/teamwerk-kiel.de\/?page_id=1447","og_site_name":"Teamwerk","article_modified_time":"2020-07-23T12:26:44+00:00","twitter_card":"summary_large_image","twitter_misc":{"Gesch\u00e4tzte Lesezeit":"4\u00a0Minuten"},"schema":{"@context":"https:\/\/schema.org","@graph":[{"@type":"WebPage","@id":"https:\/\/teamwerk-kiel.de\/?page_id=1447","url":"https:\/\/teamwerk-kiel.de\/?page_id=1447","name":"Intensivpflege f\u00fcr Kinder - Teamwerk","isPartOf":{"@id":"https:\/\/teamwerk-kiel.de\/#website"},"datePublished":"2020-06-08T11:10:40+00:00","dateModified":"2020-07-23T12:26:44+00:00","breadcrumb":{"@id":"https:\/\/teamwerk-kiel.de\/?page_id=1447#breadcrumb"},"inLanguage":"de","potentialAction":[{"@type":"ReadAction","target":["https:\/\/teamwerk-kiel.de\/?page_id=1447"]}]},{"@type":"BreadcrumbList","@id":"https:\/\/teamwerk-kiel.de\/?page_id=1447#breadcrumb","itemListElement":[{"@type":"ListItem","position":1,"name":"Startseite","item":"https:\/\/teamwerk-kiel.de\/"},{"@type":"ListItem","position":2,"name":"Intensivpflege f\u00fcr Kinder"}]},{"@type":"WebSite","@id":"https:\/\/teamwerk-kiel.de\/#website","url":"https:\/\/teamwerk-kiel.de\/","name":"Teamwerk","description":"Pflege und Assistenz","potentialAction":[{"@type":"SearchAction","target":{"@type":"EntryPoint","urlTemplate":"https:\/\/teamwerk-kiel.de\/?s={search_term_string}"},"query-input":{"@type":"PropertyValueSpecification","valueRequired":true,"valueName":"search_term_string"}}],"inLanguage":"de"}]}},"jetpack_sharing_enabled":true,"_links":{"self":[{"href":"https:\/\/teamwerk-kiel.de\/index.php?rest_route=\/wp\/v2\/pages\/1447","targetHints":{"allow":["GET"]}}],"collection":[{"href":"https:\/\/teamwerk-kiel.de\/index.php?rest_route=\/wp\/v2\/pages"}],"about":[{"href":"https:\/\/teamwerk-kiel.de\/index.php?rest_route=\/wp\/v2\/types\/page"}],"author":[{"embeddable":true,"href":"https:\/\/teamwerk-kiel.de\/index.php?rest_route=\/wp\/v2\/users\/1"}],"replies":[{"embeddable":true,"href":"https:\/\/teamwerk-kiel.de\/index.php?rest_route=%2Fwp%2Fv2%2Fcomments&post=1447"}],"version-history":[{"count":15,"href":"https:\/\/teamwerk-kiel.de\/index.php?rest_route=\/wp\/v2\/pages\/1447\/revisions"}],"predecessor-version":[{"id":1739,"href":"https:\/\/teamwerk-kiel.de\/index.php?rest_route=\/wp\/v2\/pages\/1447\/revisions\/1739"}],"wp:attachment":[{"href":"https:\/\/teamwerk-kiel.de\/index.php?rest_route=%2Fwp%2Fv2%2Fmedia&parent=1447"}],"curies":[{"name":"wp","href":"https:\/\/api.w.org\/{rel}","templated":true}]}}