{"id":105,"date":"2016-04-28T17:26:34","date_gmt":"2016-04-28T15:26:34","guid":{"rendered":"https:\/\/the7.io\/medical\/?page_id=105"},"modified":"2023-01-16T20:27:26","modified_gmt":"2023-01-16T19:27:26","slug":"platz-halter","status":"publish","type":"page","link":"https:\/\/teamwerk-kiel.de\/?page_id=105","title":{"rendered":"Assistenz rund um die Uhr"},"content":{"rendered":"<div class=\"wpb-content-wrapper\"><p>[vc_row type=&#8220;vc_default&#8220; css=&#8220;.vc_custom_1474222724005{padding-bottom: 50px !important;}&#8220;][vc_column width=&#8220;1\/2&#8243; css=&#8220;.vc_custom_1474222710160{padding-bottom: 30px !important;}&#8220;]<div id=\"ultimate-heading-773069e463037959f\" class=\"uvc-heading ult-adjust-bottom-margin ultimate-heading-773069e463037959f uvc-3323  uvc-heading-default-font-sizes\" data-hspacer=\"no_spacer\"  data-halign=\"left\" style=\"text-align:left\"><div class=\"uvc-heading-spacer no_spacer\" style=\"top\"><\/div><div class=\"uvc-main-heading ult-responsive\"  data-ultimate-target='.uvc-heading.ultimate-heading-773069e463037959f h2'  data-responsive-json-new='{\"font-size\":\"\",\"line-height\":\"\"}' ><h2 style=\"font-weight:bold;margin-bottom:20px;\">Wir sind f\u00fcr Sie da<\/h2><\/div><\/div>[vc_column_text css=&#8220;.vc_custom_1594034468604{margin-bottom: 30px !important;}&#8220;]Wir stellen uns flexibel auf die pers\u00f6nlichen Bed\u00fcrfnisse und die individuelle Lebenssituation ein und sehen es als unsere Aufgabe, die Teilnahme am gesellschaftlichen Leben so selbstverst\u00e4ndlich wie m\u00f6glich zu gestalten. Assistenz hei\u00dft f\u00fcr uns auch eine enge Zusammenarbeit mit \u00c4rzten. Den Angeh\u00f6rigen stehen wir bei pflegerischen Fragen, allt\u00e4glichen Schwierigkeiten und Hindernissen beratend zur Seite.<\/p>\n<p>Es werden individuelle L\u00f6sungen erarbeitet. Welche Ziele, welche W\u00fcnsche hat der Klient? Mit welcher Pers\u00f6nlichkeit haben wir es zu tun? Wir begleiten im Studium, bei der Arbeit, in der Freizeit, bei kulturellen Veranstaltungen\u2026es gibt viele M\u00f6glichkeiten, auch mit schwerem Handicap ein selbstbestimmtes Leben zu f\u00fchren. Die Verantwortung liegt beim Klienten, er kann sein Leben weiter planen und erh\u00e4lt daf\u00fcr von uns die personelle und fachgerechte Unterst\u00fctzung. Das Besondere: Wir bieten ausschlie\u00dflich 1:1 Betreuungen an, das hei\u00dft, eine Pflegekraft k\u00fcmmert sich nur um einen Klienten. Wir arbeiten dabei im Schichtsystem, in festen Teams und betrachten uns als Gast in der H\u00e4uslichkeit.<\/p>\n<p>Wir haben einen Versorgungsvertrag nach SGB XI und k\u00f6nnen mit allen Pflege- und Krankenkassen oder Berufsgenossenschaften abrechnen. Selbstverst\u00e4ndlich richtet sich unser Angebot auch an Privatzahler.<\/p>\n<p>In einem unverbindlichen ersten Gespr\u00e4ch betrachten wir gemeinsam die individuelle Situation und stellen Ihnen unsere Dienstleistungen vor. Bei dieser pers\u00f6nlichen Beratung kl\u00e4ren wir auf Ihren Wunsch die ersten Schritte.<\/p>\n<p>&nbsp;<\/p>\n<h2><strong>Unsere Leistungen umfassen:<\/strong><\/h2>\n<ul>\n<li>Assistenz und Begleitung bis zu 24 Stunden \u2013 zuhause und unterwegs<\/li>\n<li>Alltagsassistenz<\/li>\n<li>Arbeitsassistenz<\/li>\n<li>Freizeitassistenz<\/li>\n<li>Behandlungspflege<\/li>\n<li>Grundpflege<\/li>\n<li>hauswirtschaftliche T\u00e4tigkeit im Rahmen einer Teil- oder Vollzeitassistenz<\/li>\n<\/ul>\n<p>[\/vc_column_text]<div class=\" vc_custom_1594135121201 ubtn-ctn-center \"><a class=\"ubtn-link ult-adjust-bottom-margin ubtn-center ubtn-custom \" href=\"http:\/\/teamwerk-kiel.de\/?page_id=1579\" title=\"Kontakt\" ><button type=\"button\" id=\"ubtn-8204\"  class=\"ubtn ult-adjust-bottom-margin ult-responsive ubtn-custom ubtn-fade-bg  none  ubtn-center   tooltip-69e4630379620\"  data-hover=\"#ffffff\" data-border-color=\"#34a6f7\" data-bg=\"rgba(255,255,255,0.01)\" data-hover-bg=\"#95cc6e\" data-border-hover=\"#95cc6e\" data-shadow-hover=\"\" data-shadow-click=\"none\" data-shadow=\"\" data-shd-shadow=\"\"  data-ultimate-target='#ubtn-8204'  data-responsive-json-new='{\"font-size\":\"desktop:16px;\",\"line-height\":\"desktop:16px;\"}'  style=\"font-family:&#039;Montserrat&#039;;font-weight:700;width:px;min-height:px;padding:14px 25px;border-radius:0px;border-width:3px;border-color:#34a6f7;border-style:solid;background: rgba(255,255,255,0.01);color: #34a6f7;\"><span class=\"ubtn-hover\" style=\"background-color:#95cc6e\"><\/span><span class=\"ubtn-data ubtn-text \" >Kontakt<\/span><\/button><\/a><\/div>[\/vc_column][vc_column width=&#8220;1\/2&#8243; css=&#8220;.vc_custom_1474222717556{padding-bottom: 30px !important;}&#8220; offset=&#8220;vc_hidden-xs&#8220;][vc_single_image image=&#8220;1880&#8243; img_size=&#8220;1200&#215;900&#8243; css=&#8220;.vc_custom_1673701349744{padding-top: 50px !important;padding-bottom: 50px !important;}&#8220;][vc_single_image image=&#8220;1522&#8243; img_size=&#8220;1200&#215;900&#8243; css=&#8220;.vc_custom_1673701355658{padding-top: 50px !important;}&#8220;][\/vc_column][\/vc_row]<\/p>\n<\/div>","protected":false},"excerpt":{"rendered":"<p>[vc_row type=&#8220;vc_default&#8220; css=&#8220;.vc_custom_1474222724005{padding-bottom: 50px !important;}&#8220;][vc_column width=&#8220;1\/2&#8243; css=&#8220;.vc_custom_1474222710160{padding-bottom: 30px !important;}&#8220;][vc_column_text css=&#8220;.vc_custom_1594034468604{margin-bottom: 30px !important;}&#8220;]Wir stellen uns flexibel auf die pers\u00f6nlichen Bed\u00fcrfnisse und die individuelle Lebenssituation ein und sehen es als unsere Aufgabe, die Teilnahme am gesellschaftlichen Leben so selbstverst\u00e4ndlich wie m\u00f6glich zu gestalten. Assistenz hei\u00dft f\u00fcr uns auch eine enge Zusammenarbeit mit \u00c4rzten. Den Angeh\u00f6rigen stehen wir&hellip;<\/p>\n","protected":false},"author":1,"featured_media":0,"parent":0,"menu_order":1,"comment_status":"closed","ping_status":"closed","template":"","meta":{"footnotes":""},"class_list":["post-105","page","type-page","status-publish","hentry","description-off"],"yoast_head":"<!-- This site is optimized with the Yoast SEO plugin v27.0 - https:\/\/yoast.com\/product\/yoast-seo-wordpress\/ -->\n<title>Assistenz rund um die Uhr - Teamwerk<\/title>\n<meta name=\"robots\" content=\"index, follow, max-snippet:-1, max-image-preview:large, max-video-preview:-1\" \/>\n<link rel=\"canonical\" href=\"https:\/\/teamwerk-kiel.de\/?page_id=105\" \/>\n<meta property=\"og:locale\" content=\"de_DE\" \/>\n<meta property=\"og:type\" content=\"article\" \/>\n<meta property=\"og:title\" content=\"Assistenz rund um die Uhr - Teamwerk\" \/>\n<meta property=\"og:description\" content=\"[vc_row type=&#8220;vc_default&#8220; css=&#8220;.vc_custom_1474222724005{padding-bottom: 50px !important;}&#8220;][vc_column width=&#8220;1\/2&#8243; css=&#8220;.vc_custom_1474222710160{padding-bottom: 30px !important;}&#8220;][vc_column_text css=&#8220;.vc_custom_1594034468604{margin-bottom: 30px !important;}&#8220;]Wir stellen uns flexibel auf die pers\u00f6nlichen Bed\u00fcrfnisse und die individuelle Lebenssituation ein und sehen es als unsere Aufgabe, die Teilnahme am gesellschaftlichen Leben so selbstverst\u00e4ndlich wie m\u00f6glich zu gestalten. Assistenz hei\u00dft f\u00fcr uns auch eine enge Zusammenarbeit mit \u00c4rzten. Den Angeh\u00f6rigen stehen wir&hellip;\" \/>\n<meta property=\"og:url\" content=\"https:\/\/teamwerk-kiel.de\/?page_id=105\" \/>\n<meta property=\"og:site_name\" content=\"Teamwerk\" \/>\n<meta property=\"article:modified_time\" content=\"2023-01-16T19:27:26+00:00\" \/>\n<meta name=\"twitter:card\" content=\"summary_large_image\" \/>\n<meta name=\"twitter:label1\" content=\"Gesch\u00e4tzte Lesezeit\" \/>\n\t<meta name=\"twitter:data1\" content=\"2\u00a0Minuten\" \/>\n<script type=\"application\/ld+json\" class=\"yoast-schema-graph\">{\"@context\":\"https:\/\/schema.org\",\"@graph\":[{\"@type\":\"WebPage\",\"@id\":\"https:\/\/teamwerk-kiel.de\/?page_id=105\",\"url\":\"https:\/\/teamwerk-kiel.de\/?page_id=105\",\"name\":\"Assistenz rund um die Uhr - Teamwerk\",\"isPartOf\":{\"@id\":\"https:\/\/teamwerk-kiel.de\/#website\"},\"datePublished\":\"2016-04-28T15:26:34+00:00\",\"dateModified\":\"2023-01-16T19:27:26+00:00\",\"breadcrumb\":{\"@id\":\"https:\/\/teamwerk-kiel.de\/?page_id=105#breadcrumb\"},\"inLanguage\":\"de\",\"potentialAction\":[{\"@type\":\"ReadAction\",\"target\":[\"https:\/\/teamwerk-kiel.de\/?page_id=105\"]}]},{\"@type\":\"BreadcrumbList\",\"@id\":\"https:\/\/teamwerk-kiel.de\/?page_id=105#breadcrumb\",\"itemListElement\":[{\"@type\":\"ListItem\",\"position\":1,\"name\":\"Startseite\",\"item\":\"https:\/\/teamwerk-kiel.de\/\"},{\"@type\":\"ListItem\",\"position\":2,\"name\":\"Assistenz rund um die Uhr\"}]},{\"@type\":\"WebSite\",\"@id\":\"https:\/\/teamwerk-kiel.de\/#website\",\"url\":\"https:\/\/teamwerk-kiel.de\/\",\"name\":\"Teamwerk\",\"description\":\"Pflege und Assistenz\",\"potentialAction\":[{\"@type\":\"SearchAction\",\"target\":{\"@type\":\"EntryPoint\",\"urlTemplate\":\"https:\/\/teamwerk-kiel.de\/?s={search_term_string}\"},\"query-input\":{\"@type\":\"PropertyValueSpecification\",\"valueRequired\":true,\"valueName\":\"search_term_string\"}}],\"inLanguage\":\"de\"}]}<\/script>\n<!-- \/ Yoast SEO plugin. -->","yoast_head_json":{"title":"Assistenz rund um die Uhr - Teamwerk","robots":{"index":"index","follow":"follow","max-snippet":"max-snippet:-1","max-image-preview":"max-image-preview:large","max-video-preview":"max-video-preview:-1"},"canonical":"https:\/\/teamwerk-kiel.de\/?page_id=105","og_locale":"de_DE","og_type":"article","og_title":"Assistenz rund um die Uhr - Teamwerk","og_description":"[vc_row type=&#8220;vc_default&#8220; css=&#8220;.vc_custom_1474222724005{padding-bottom: 50px !important;}&#8220;][vc_column width=&#8220;1\/2&#8243; css=&#8220;.vc_custom_1474222710160{padding-bottom: 30px !important;}&#8220;][vc_column_text css=&#8220;.vc_custom_1594034468604{margin-bottom: 30px !important;}&#8220;]Wir stellen uns flexibel auf die pers\u00f6nlichen Bed\u00fcrfnisse und die individuelle Lebenssituation ein und sehen es als unsere Aufgabe, die Teilnahme am gesellschaftlichen Leben so selbstverst\u00e4ndlich wie m\u00f6glich zu gestalten. Assistenz hei\u00dft f\u00fcr uns auch eine enge Zusammenarbeit mit \u00c4rzten. Den Angeh\u00f6rigen stehen wir&hellip;","og_url":"https:\/\/teamwerk-kiel.de\/?page_id=105","og_site_name":"Teamwerk","article_modified_time":"2023-01-16T19:27:26+00:00","twitter_card":"summary_large_image","twitter_misc":{"Gesch\u00e4tzte Lesezeit":"2\u00a0Minuten"},"schema":{"@context":"https:\/\/schema.org","@graph":[{"@type":"WebPage","@id":"https:\/\/teamwerk-kiel.de\/?page_id=105","url":"https:\/\/teamwerk-kiel.de\/?page_id=105","name":"Assistenz rund um die Uhr - Teamwerk","isPartOf":{"@id":"https:\/\/teamwerk-kiel.de\/#website"},"datePublished":"2016-04-28T15:26:34+00:00","dateModified":"2023-01-16T19:27:26+00:00","breadcrumb":{"@id":"https:\/\/teamwerk-kiel.de\/?page_id=105#breadcrumb"},"inLanguage":"de","potentialAction":[{"@type":"ReadAction","target":["https:\/\/teamwerk-kiel.de\/?page_id=105"]}]},{"@type":"BreadcrumbList","@id":"https:\/\/teamwerk-kiel.de\/?page_id=105#breadcrumb","itemListElement":[{"@type":"ListItem","position":1,"name":"Startseite","item":"https:\/\/teamwerk-kiel.de\/"},{"@type":"ListItem","position":2,"name":"Assistenz rund um die Uhr"}]},{"@type":"WebSite","@id":"https:\/\/teamwerk-kiel.de\/#website","url":"https:\/\/teamwerk-kiel.de\/","name":"Teamwerk","description":"Pflege und Assistenz","potentialAction":[{"@type":"SearchAction","target":{"@type":"EntryPoint","urlTemplate":"https:\/\/teamwerk-kiel.de\/?s={search_term_string}"},"query-input":{"@type":"PropertyValueSpecification","valueRequired":true,"valueName":"search_term_string"}}],"inLanguage":"de"}]}},"jetpack_sharing_enabled":true,"_links":{"self":[{"href":"https:\/\/teamwerk-kiel.de\/index.php?rest_route=\/wp\/v2\/pages\/105","targetHints":{"allow":["GET"]}}],"collection":[{"href":"https:\/\/teamwerk-kiel.de\/index.php?rest_route=\/wp\/v2\/pages"}],"about":[{"href":"https:\/\/teamwerk-kiel.de\/index.php?rest_route=\/wp\/v2\/types\/page"}],"author":[{"embeddable":true,"href":"https:\/\/teamwerk-kiel.de\/index.php?rest_route=\/wp\/v2\/users\/1"}],"replies":[{"embeddable":true,"href":"https:\/\/teamwerk-kiel.de\/index.php?rest_route=%2Fwp%2Fv2%2Fcomments&post=105"}],"version-history":[{"count":11,"href":"https:\/\/teamwerk-kiel.de\/index.php?rest_route=\/wp\/v2\/pages\/105\/revisions"}],"predecessor-version":[{"id":1607,"href":"https:\/\/teamwerk-kiel.de\/index.php?rest_route=\/wp\/v2\/pages\/105\/revisions\/1607"}],"wp:attachment":[{"href":"https:\/\/teamwerk-kiel.de\/index.php?rest_route=%2Fwp%2Fv2%2Fmedia&parent=105"}],"curies":[{"name":"wp","href":"https:\/\/api.w.org\/{rel}","templated":true}]}}